{"id":7,"date":"2026-01-14T17:41:25","date_gmt":"2026-01-14T17:41:25","guid":{"rendered":"https:\/\/bhwebcreation.fr\/?page_id=7"},"modified":"2026-01-16T17:56:47","modified_gmt":"2026-01-16T17:56:47","slug":"accueil","status":"publish","type":"page","link":"https:\/\/bhwebcreation.fr\/","title":{"rendered":"Accueil"},"content":{"rendered":"\t\t<div data-elementor-type=\"wp-page\" data-elementor-id=\"7\" class=\"elementor elementor-7\">\n\t\t\t\t<div class=\"elementor-element elementor-element-a2d74ce e-con-full animated-slow e-flex elementor-invisible e-con e-parent\" data-id=\"a2d74ce\" data-element_type=\"container\" data-settings=\"{&quot;animation&quot;:&quot;fadeInDown&quot;}\">\n\t\t\t\t<div class=\"elementor-element elementor-element-9dad242 elementor-widget__width-inherit elementor-hidden-tablet elementor-hidden-mobile elementor-widget elementor-widget-image\" data-id=\"9dad242\" data-element_type=\"widget\" data-widget_type=\"image.default\">\n\t\t\t\t\t\t\t\t\t\t\t\t\t\t\t<img fetchpriority=\"high\" decoding=\"async\" width=\"2560\" height=\"1439\" src=\"https:\/\/bhwebcreation.fr\/wp-content\/uploads\/2026\/01\/11-scaled.png\" class=\"attachment-full size-full wp-image-86\" alt=\"\" srcset=\"https:\/\/bhwebcreation.fr\/wp-content\/uploads\/2026\/01\/11-scaled.png 2560w, https:\/\/bhwebcreation.fr\/wp-content\/uploads\/2026\/01\/11-300x169.png 300w, https:\/\/bhwebcreation.fr\/wp-content\/uploads\/2026\/01\/11-1024x576.png 1024w, https:\/\/bhwebcreation.fr\/wp-content\/uploads\/2026\/01\/11-768x432.png 768w, https:\/\/bhwebcreation.fr\/wp-content\/uploads\/2026\/01\/11-1536x864.png 1536w, https:\/\/bhwebcreation.fr\/wp-content\/uploads\/2026\/01\/11-2048x1151.png 2048w\" sizes=\"(max-width: 2560px) 100vw, 2560px\" \/>\t\t\t\t\t\t\t\t\t\t\t\t\t\t\t<\/div>\n\t\t\t\t<\/div>\n\t\t<div class=\"elementor-element elementor-element-43eacfa e-con-full animated-slow e-flex elementor-invisible e-con e-parent\" data-id=\"43eacfa\" data-element_type=\"container\" data-settings=\"{&quot;animation&quot;:&quot;fadeInDown&quot;}\">\n\t\t\t\t<div class=\"elementor-element elementor-element-1ce78d2 elementor-widget__width-inherit elementor-hidden-desktop elementor-widget elementor-widget-image\" data-id=\"1ce78d2\" data-element_type=\"widget\" data-widget_type=\"image.default\">\n\t\t\t\t\t\t\t\t\t\t\t\t\t\t\t<img decoding=\"async\" width=\"2560\" height=\"1439\" src=\"https:\/\/bhwebcreation.fr\/wp-content\/uploads\/2026\/01\/Createur-de-sites-web-modernes-pour-TPEPME-et-artisans2-scaled.png\" class=\"attachment-full size-full wp-image-102\" alt=\"\" srcset=\"https:\/\/bhwebcreation.fr\/wp-content\/uploads\/2026\/01\/Createur-de-sites-web-modernes-pour-TPEPME-et-artisans2-scaled.png 2560w, https:\/\/bhwebcreation.fr\/wp-content\/uploads\/2026\/01\/Createur-de-sites-web-modernes-pour-TPEPME-et-artisans2-300x169.png 300w, https:\/\/bhwebcreation.fr\/wp-content\/uploads\/2026\/01\/Createur-de-sites-web-modernes-pour-TPEPME-et-artisans2-1024x576.png 1024w, https:\/\/bhwebcreation.fr\/wp-content\/uploads\/2026\/01\/Createur-de-sites-web-modernes-pour-TPEPME-et-artisans2-768x432.png 768w, https:\/\/bhwebcreation.fr\/wp-content\/uploads\/2026\/01\/Createur-de-sites-web-modernes-pour-TPEPME-et-artisans2-1536x864.png 1536w, https:\/\/bhwebcreation.fr\/wp-content\/uploads\/2026\/01\/Createur-de-sites-web-modernes-pour-TPEPME-et-artisans2-2048x1151.png 2048w\" sizes=\"(max-width: 2560px) 100vw, 2560px\" \/>\t\t\t\t\t\t\t\t\t\t\t\t\t\t\t<\/div>\n\t\t\t\t<\/div>\n\t\t<div class=\"elementor-element elementor-element-b1e413b e-grid e-con-boxed e-con e-parent\" data-id=\"b1e413b\" data-element_type=\"container\">\n\t\t\t\t\t<div class=\"e-con-inner\">\n\t\t\t\t<div class=\"elementor-element elementor-element-9af33c4 animated-slow elementor-invisible elementor-widget elementor-widget-text-editor\" data-id=\"9af33c4\" data-element_type=\"widget\" data-settings=\"{&quot;_animation&quot;:&quot;fadeInLeft&quot;}\" data-widget_type=\"text-editor.default\">\n\t\t\t\t\t\t\t\t\t<p data-start=\"232\" data-end=\"420\">Passionn\u00e9 par le web et les solutions digitales utiles, j\u2019accompagne particuliers, associations et petites entreprises dans la cr\u00e9ation de <strong data-start=\"371\" data-end=\"419\">sites internet modernes, clairs et efficaces<\/strong>.<\/p><p data-start=\"422\" data-end=\"552\">Mon objectif est simple :<br data-start=\"447\" data-end=\"450\" \/>\ud83d\udc49 <strong data-start=\"453\" data-end=\"495\">vous offrir un site qui vous ressemble<\/strong>, facile \u00e0 utiliser, et qui met en valeur votre activit\u00e9.<\/p><p data-start=\"554\" data-end=\"799\">Que vous ayez besoin d\u2019un site vitrine, d\u2019une pr\u00e9sence en ligne professionnelle ou d\u2019un projet plus sp\u00e9cifique, je prends le temps de comprendre vos besoins afin de proposer une solution <strong data-start=\"741\" data-end=\"755\">sur mesure<\/strong>, adapt\u00e9e \u00e0 votre budget et \u00e0 vos objectifs.<\/p><p data-start=\"801\" data-end=\"816\">Je privil\u00e9gie :<\/p><ul data-start=\"817\" data-end=\"1070\"><li data-start=\"817\" data-end=\"901\"><p data-start=\"819\" data-end=\"901\">un <strong data-start=\"822\" data-end=\"853\">design soign\u00e9 et responsive<\/strong> (adapt\u00e9 aux ordinateurs, tablettes et mobiles),<\/p><\/li><li data-start=\"902\" data-end=\"943\"><p data-start=\"904\" data-end=\"943\">une <strong data-start=\"908\" data-end=\"942\">navigation simple et intuitive<\/strong>,<\/p><\/li><li data-start=\"944\" data-end=\"994\"><p data-start=\"946\" data-end=\"994\">des contenus clairs qui parlent \u00e0 vos visiteurs,<\/p><\/li><li data-start=\"995\" data-end=\"1070\"><p data-start=\"997\" data-end=\"1070\">et un accompagnement humain, du d\u00e9but du projet jusqu\u2019\u00e0 la mise en ligne.<\/p><\/li><\/ul><p data-start=\"1072\" data-end=\"1242\">Cr\u00e9er un site web ne devrait pas \u00eatre compliqu\u00e9. Mon r\u00f4le est de vous guider, de vous conseiller et de transformer vos id\u00e9es en une pr\u00e9sence en ligne efficace et durable.<\/p><p data-start=\"1244\" data-end=\"1298\">\ud83d\udce9 <strong data-start=\"1247\" data-end=\"1296\">Vous avez un projet ou une id\u00e9e ? Parlons-en.<\/strong><\/p>\t\t\t\t\t\t\t\t<\/div>\n\t\t\t\t<div class=\"elementor-element elementor-element-a9fa258 animated-slow elementor-invisible elementor-widget elementor-widget-image\" data-id=\"a9fa258\" data-element_type=\"widget\" data-settings=\"{&quot;_animation&quot;:&quot;fadeInRight&quot;}\" data-widget_type=\"image.default\">\n\t\t\t\t\t\t\t\t\t\t\t\t\t\t\t<img decoding=\"async\" src=\"https:\/\/bhwebcreation.fr\/wp-content\/plugins\/elementor\/assets\/images\/placeholder.png\" title=\"\" alt=\"\" loading=\"lazy\" \/>\t\t\t\t\t\t\t\t\t\t\t\t\t\t\t<\/div>\n\t\t\t\t\t<\/div>\n\t\t\t\t<\/div>\n\t\t<div class=\"elementor-element elementor-element-c17c222 e-grid e-con-boxed e-con e-parent\" data-id=\"c17c222\" data-element_type=\"container\">\n\t\t\t\t\t<div class=\"e-con-inner\">\n\t\t\t\t<div class=\"elementor-element elementor-element-e817248 elementor-widget elementor-widget-text-editor\" data-id=\"e817248\" data-element_type=\"widget\" data-widget_type=\"text-editor.default\">\n\t\t\t\t\t\t\t\t\t<ol data-start=\"1122\" data-end=\"1157\"><li data-start=\"1122\" data-end=\"1157\"><p data-start=\"1125\" data-end=\"1157\"><strong data-start=\"1125\" data-end=\"1155\">Cr\u00e9ation de sites vitrines<\/strong><\/p><\/li><\/ol><blockquote data-start=\"1158\" data-end=\"1249\"><p data-start=\"1160\" data-end=\"1249\">Sites modernes, 1 \u00e0 10 pages, responsive, optimis\u00e9s SEO<\/p><p data-start=\"1160\" data-end=\"1249\">\ud83d\udc49 Demander un devis&#8230;<\/p><\/blockquote>\t\t\t\t\t\t\t\t<\/div>\n\t\t\t\t<div class=\"elementor-element elementor-element-45c4140 elementor-widget elementor-widget-text-editor\" data-id=\"45c4140\" data-element_type=\"widget\" data-widget_type=\"text-editor.default\">\n\t\t\t\t\t\t\t\t\t<ol start=\"2\" data-start=\"1251\" data-end=\"1282\"><li data-start=\"1251\" data-end=\"1282\"><p data-start=\"1254\" data-end=\"1282\"><strong data-start=\"1254\" data-end=\"1280\">Maintenance &amp; s\u00e9curit\u00e9<\/strong><\/p><\/li><\/ol><blockquote data-start=\"1283\" data-end=\"1400\"><p data-start=\"1285\" data-end=\"1400\">Mises \u00e0 jour r\u00e9guli\u00e8res, sauvegardes, s\u00e9curit\u00e9 renforc\u00e9e, trois formules disponibles<\/p><p data-start=\"1285\" data-end=\"1400\"><strong data-start=\"1372\" data-end=\"1379\">\ud83d\udc49 <\/strong>En savoir plus&#8230;<\/p><\/blockquote>\t\t\t\t\t\t\t\t<\/div>\n\t\t\t\t<div class=\"elementor-element elementor-element-fe087f1 elementor-widget elementor-widget-text-editor\" data-id=\"fe087f1\" data-element_type=\"widget\" data-widget_type=\"text-editor.default\">\n\t\t\t\t\t\t\t\t\t<ol start=\"3\" data-start=\"1402\" data-end=\"1434\"><li data-start=\"1402\" data-end=\"1434\"><p data-start=\"1405\" data-end=\"1434\"><strong data-start=\"1405\" data-end=\"1432\">SEO &amp; visibilit\u00e9 locale<\/strong><\/p><\/li><\/ol><blockquote data-start=\"1435\" data-end=\"1509\"><p data-start=\"1437\" data-end=\"1509\">Optimisation pour Google et clients locaux<\/p><p data-start=\"1437\" data-end=\"1509\"><strong data-start=\"1372\" data-end=\"1379\">\ud83d\udc49 <\/strong>Contactez-moi&#8230;<\/p><\/blockquote>\t\t\t\t\t\t\t\t<\/div>\n\t\t\t\t\t<\/div>\n\t\t\t\t<\/div>\n\t\t\t\t<\/div>\n\t\t","protected":false},"excerpt":{"rendered":"<p>Passionn\u00e9 par le web et les solutions digitales utiles, j\u2019accompagne particuliers, associations et petites entreprises dans la cr\u00e9ation de sites internet modernes, clairs et efficaces. Mon objectif est simple :\ud83d\udc49 vous offrir un site qui vous ressemble, facile \u00e0 utiliser, et qui met en valeur votre activit\u00e9. Que vous ayez besoin d\u2019un site vitrine, d\u2019une&#8230;<\/p>\n","protected":false},"author":1,"featured_media":0,"parent":0,"menu_order":0,"comment_status":"closed","ping_status":"closed","template":"","meta":{"_kad_post_transparent":"","_kad_post_title":"hide","_kad_post_layout":"fullwidth","_kad_post_sidebar_id":"","_kad_post_content_style":"unboxed","_kad_post_vertical_padding":"hide","_kad_post_feature":"hide","_kad_post_feature_position":"","_kad_post_header":false,"_kad_post_footer":false,"_kad_post_classname":"","footnotes":""},"class_list":["post-7","page","type-page","status-publish","hentry"],"_links":{"self":[{"href":"https:\/\/bhwebcreation.fr\/index.php\/wp-json\/wp\/v2\/pages\/7","targetHints":{"allow":["GET"]}}],"collection":[{"href":"https:\/\/bhwebcreation.fr\/index.php\/wp-json\/wp\/v2\/pages"}],"about":[{"href":"https:\/\/bhwebcreation.fr\/index.php\/wp-json\/wp\/v2\/types\/page"}],"author":[{"embeddable":true,"href":"https:\/\/bhwebcreation.fr\/index.php\/wp-json\/wp\/v2\/users\/1"}],"replies":[{"embeddable":true,"href":"https:\/\/bhwebcreation.fr\/index.php\/wp-json\/wp\/v2\/comments?post=7"}],"version-history":[{"count":70,"href":"https:\/\/bhwebcreation.fr\/index.php\/wp-json\/wp\/v2\/pages\/7\/revisions"}],"predecessor-version":[{"id":157,"href":"https:\/\/bhwebcreation.fr\/index.php\/wp-json\/wp\/v2\/pages\/7\/revisions\/157"}],"wp:attachment":[{"href":"https:\/\/bhwebcreation.fr\/index.php\/wp-json\/wp\/v2\/media?parent=7"}],"curies":[{"name":"wp","href":"https:\/\/api.w.org\/{rel}","templated":true}]}}